{"id":119,"date":"2020-09-20T14:30:16","date_gmt":"2020-09-20T14:30:16","guid":{"rendered":"http:\/\/www.esranurtola.com.tr\/?page_id=119"},"modified":"2020-09-20T18:03:30","modified_gmt":"2020-09-20T18:03:30","slug":"ulusal-yayinlar","status":"publish","type":"page","link":"http:\/\/www.esranurtola.com.tr\/index.php\/yazilarim\/ulusal-yayinlar\/","title":{"rendered":"Ulusal Yay\u0131nlar"},"content":{"rendered":"\n<ol class=\"wp-block-list\" type=\"1\"><li><strong>Tola EN<\/strong>, Ozkaya O.&nbsp;Gen\u00e7 bir hastada total uterin prolapsus tedavisinde Carter-Thomason operasyonu: olgu sunumu. SD\u00dc T\u0131p Fak\u00fcltesi Dergisi.&nbsp;2013; 20 (1): 30- 32.<strong><\/strong><\/li><li><strong>Tola EN<\/strong><strong>.<\/strong>&nbsp;Hiperemezis gravidarumda tedavi modaliteleri.&nbsp;SD\u00dc Sa\u011fl\u0131k Bilimleri Dergisi.&nbsp;2014; 5(1): 32- 36<\/li><li><strong>Tola EN<\/strong>.&nbsp;Oksi\u0307dan ve anti\u0307oksi\u0307dan si\u0307stemleri\u0307n kad\u0131n ferti\u0307li\u0307tesi\u0307ne etki\u0307leri.&nbsp;SD\u00dc Sa\u011fl\u0131k Bilimleri Dergisi.&nbsp;SD\u00dc Sa\u011fl\u0131k Bilimleri Dergisi. 2014; 5 (1): 26- 31<\/li><li>Aynal\u0131 A, Cicio\u011flu B,&nbsp;<strong>Tola EN<\/strong>, \u00d6nal S, \u00c7etin E.&nbsp;S\u00fcleyman Demirel \u00dcniversitesi T\u0131p Fak\u00fcltesi Hastanesi\u2019ne ba\u015fvuran do\u011furganl\u0131k \u00e7a\u011f\u0131ndaki kad\u0131nlarda g\u00f6zlenen anti-Toxoplasma&nbsp;IgM ve IgG seropozitifli\u011fi.&nbsp;T\u00fcrk Hijyen ve Deneysel Biyoloji Dergisi.&nbsp;<a href=\"http:\/\/www.turkhijyen.org\/jvi.aspx?pdir=turkhijyen&amp;plng=tur&amp;volume=73&amp;issue=1\">2016; 73(1): 33- 38.<\/a><strong><\/strong><\/li><li>Aynal\u0131 A, Cicio\u011flu B,&nbsp;<strong>Tola EN<\/strong>, \u00d6nal S, \u00c7etin E.&nbsp;Isparta Y\u00f6resindeki Kad\u0131nlarda Sitomegalovir\u00fcs Seropozitiflik Oranlar\u0131.&nbsp;Journal of Clinical and Analytical Medicine. 2015; 6(4): 456-458<strong><\/strong><\/li><li>Aynal\u0131 A, Cicio\u011flu B,&nbsp;<strong>Tola EN<\/strong>, \u00d6nal S, \u00c7etin E.&nbsp;Do\u011furganl\u0131k Ya\u015f Grubundaki Kad\u0131nlarda Rubella IgM ve IgG Seroprevalans\u0131.&nbsp;SD\u00dc Sa\u011fl\u0131k Bilimleri Enstit\u00fcs\u00fc Dergisi. 2016; 7(1): 10- 13.<strong><\/strong><\/li><li>Bilen E, Y\u00fcksel M, Sezik M, K\u00f6se SA,&nbsp;<strong>Tola EN<\/strong>.&nbsp;Gebeli\u011fin 11-14 haftas\u0131nda karyotipleme ama\u00e7l\u0131 koryon vill\u00fcs biyopsisi: 42 Olgunun de\u011ferlendirilmesi.&nbsp;<strong>SD\u00dc Sa\u011fl\u0131k Bilimleri Dergisi<\/strong>.&nbsp;2015; 6(1): 1- 3.<strong><\/strong><\/li><li><strong>Tola EN<\/strong>, Oral HB.&nbsp;<strong>Erken Eri\u015fkinlik D\u00f6neminde Serum Ferritin ve C-Reaktif Protein D\u00fczeylerinin Polikistik Over Sendromu Etyopatogenezine ve \u0130li\u015fkili Klinik Durumlara Etkisi<\/strong><strong>.&nbsp;<\/strong>Zeynep Kamil T\u0131p B\u00fclteni. 2018; 49 (1): 151- 156.<strong><\/strong><\/li><li>Yal\u00e7\u0131n Eri\u015f S, Yal\u00e7\u0131n Y,&nbsp;<strong>Tola EN,<\/strong>&nbsp;Yavuz A, Akkurt MO, Sezik M, \u00d6zkaya MO.&nbsp;Fetal manyetik rezonans g\u00f6r\u00fcnt\u00fcleme endikasyonlar\u0131n\u0131n incelenmesi.&nbsp;Perinataloji Dergisi.2018; 26(1); 18-24.<strong><\/strong><\/li><li><strong>Tola EN,<\/strong>&nbsp;G\u00fcney M.&nbsp;Embryo ve fundal endometrial y\u00fczey aras\u0131ndaki mesafenin intra sitoplazmik sperm injeksiyonu sikluslar\u0131nda sonu\u00e7lara etkisi.&nbsp;Bozok T\u0131p Dergisi. 2018; 8 (2): 1-10.<strong><\/strong><\/li><li>K\u00f6ro\u011flu N, Yetkin Y\u0131ld\u0131r\u0131m G,<strong>&nbsp;Tola EN,&nbsp;<\/strong>Aslan \u00c7etin B, Ba\u011fc\u0131 \u00c7akmak K, Polat I.&nbsp;A\u00e7\u0131klanamayan \u0130nfertilitede Klomifen Sitrat ile Ovulasyon \u0130nd\u00fcksiyonunda Gebeli\u011fe Etki Eden Fakt\u00f6rler.&nbsp;\u0130KSSTD. 2019;11(1):48-52.<strong><\/strong><\/li><li><strong>Tola EN.<\/strong>&nbsp;Gebelikte beslenme.&nbsp;SD\u00dc T\u0131p Fak\u00fcltesi Hastanesi \u015eurup Dergisi Nisan 2014; 5(17): 24-27.&nbsp;<strong><\/strong><\/li><\/ol>\n","protected":false},"excerpt":{"rendered":"<p>Tola EN, Ozkaya O.&nbsp;Gen\u00e7 bir hastada total uterin prolapsus tedavisinde Carter-Thomason operasyonu: olgu sunumu. SD\u00dc T\u0131p Fak\u00fcltesi Dergisi.&nbsp;2013; 20 (1): 30- 32. Tola EN.&nbsp;Hiperemezis gravidarumda tedavi modaliteleri.&nbsp;SD\u00dc Sa\u011fl\u0131k Bilimleri Dergisi.&nbsp;2014; 5(1): 32- 36 Tola EN.&nbsp;Oksi\u0307dan ve anti\u0307oksi\u0307dan si\u0307stemleri\u0307n kad\u0131n ferti\u0307li\u0307tesi\u0307ne etki\u0307leri.&nbsp;SD\u00dc Sa\u011fl\u0131k Bilimleri Dergisi.&nbsp;SD\u00dc Sa\u011fl\u0131k Bilimleri Dergisi. 2014; 5 (1): 26- 31 Aynal\u0131 A, Cicio\u011flu [&hellip;]<\/p>\n","protected":false},"author":1,"featured_media":0,"parent":54,"menu_order":1,"comment_status":"closed","ping_status":"closed","template":"","meta":{"_monsterinsights_skip_tracking":false,"_monsterinsights_sitenote_active":false,"_monsterinsights_sitenote_note":"","_monsterinsights_sitenote_category":0,"footnotes":""},"class_list":["post-119","page","type-page","status-publish","hentry"],"aioseo_notices":[],"_links":{"self":[{"href":"http:\/\/www.esranurtola.com.tr\/index.php\/wp-json\/wp\/v2\/pages\/119","targetHints":{"allow":["GET"]}}],"collection":[{"href":"http:\/\/www.esranurtola.com.tr\/index.php\/wp-json\/wp\/v2\/pages"}],"about":[{"href":"http:\/\/www.esranurtola.com.tr\/index.php\/wp-json\/wp\/v2\/types\/page"}],"author":[{"embeddable":true,"href":"http:\/\/www.esranurtola.com.tr\/index.php\/wp-json\/wp\/v2\/users\/1"}],"replies":[{"embeddable":true,"href":"http:\/\/www.esranurtola.com.tr\/index.php\/wp-json\/wp\/v2\/comments?post=119"}],"version-history":[{"count":2,"href":"http:\/\/www.esranurtola.com.tr\/index.php\/wp-json\/wp\/v2\/pages\/119\/revisions"}],"predecessor-version":[{"id":175,"href":"http:\/\/www.esranurtola.com.tr\/index.php\/wp-json\/wp\/v2\/pages\/119\/revisions\/175"}],"up":[{"embeddable":true,"href":"http:\/\/www.esranurtola.com.tr\/index.php\/wp-json\/wp\/v2\/pages\/54"}],"wp:attachment":[{"href":"http:\/\/www.esranurtola.com.tr\/index.php\/wp-json\/wp\/v2\/media?parent=119"}],"curies":[{"name":"wp","href":"https:\/\/api.w.org\/{rel}","templated":true}]}}