{"id":121,"date":"2020-09-20T14:30:43","date_gmt":"2020-09-20T14:30:43","guid":{"rendered":"http:\/\/www.esranurtola.com.tr\/?page_id=121"},"modified":"2020-09-20T18:44:58","modified_gmt":"2020-09-20T18:44:58","slug":"uluslararasi-yayinlar","status":"publish","type":"page","link":"http:\/\/www.esranurtola.com.tr\/index.php\/yazilarim\/uluslararasi-yayinlar\/","title":{"rendered":"Uluslararas\u0131 Yay\u0131nlar"},"content":{"rendered":"\n<ol class=\"wp-block-list\" type=\"1\"><li><strong>Tola EN<\/strong>, Mungan MT, U\u011fuz AC, Naziro\u011flu M. Intracellular Ca2+ and antioxidant values induced positive effect on fertilisation ratio and oocyte quality of granulosa cells in patients undergoing in vitro fertilisation. Reprod Fertil Dev. 2013; 25(5): 746- 752.<strong><\/strong><\/li><li><strong>Tola EN<\/strong>, Elezoglu B, Dellal FD. Simple vulval trichilemmal cyst. J Obstet Gynaecol. 2013 Apr; 33(3): 320- 321.<strong><\/strong><\/li><li>Bilen E,&nbsp;<strong>Tola EN<\/strong>, Oral B, Dogu\u00e7 DK, G\u00fcnyeli I, K\u00f6se SA, Ilhan I. Do follicular fluid gelatinase levels affect fertilization rates and oocyte quality? Arch Gynecol Obstet. 2014 Dec; 290(6): 1265- 1271.<strong><\/strong><\/li><li><strong>Tola EN<\/strong>, Karatopuk DU, Koroglu N, Ergin M, Oral HB. Follicular ADAMTS-1 and aggrecan levels in polycystic ovary syndrome. J Assist Reprod Genet. 2017 Jun;34(6):811-816.<strong><\/strong><\/li><li><strong>Tola EN<\/strong>, Yalcin SE, Dugan N. The predictive effect of inflammatory markers and lipid accumulation product index on clinical symptoms associated with polycystic ovary syndrome in nonobese adolescents and younger aged women. Eur J Obstet Gynecol Reprod Biol. 2017 Jul; 214: 168- 172.<strong><\/strong><\/li><li>Koroglu N, Tayyar A,&nbsp;<strong>Tola EN<\/strong>, Yetkin Yildirim G, Temel Yuksel I, Aslan Cetin B, Dag I, Acar DK. Increased levels of the novel hepatokine fetuin B in patients with intrahepatic cholestasis of pregnancy. J Matern Fetal Neonatal Med. 2019 May;32(10):1620-1625.<strong><\/strong><\/li><li><strong>Tola EN<\/strong>, Koroglu ND, Yalcin SE, Oral HB. The role of serum ADAMTS-1 and aggrecan on polycystic ovary syndrome in adolescents and younger-aged females. Arch Gynecol Obstet. 2018 Feb;297(2): 487- 493.<strong><\/strong><\/li><li>Koroglu N,&nbsp;<strong>Tola E<\/strong>, Temel Yuksel I, Aslan Cetin B, Turhan U, Topcu G, Dag I. Maternal serum AMP-activated protein kinase levels in mild and severe preeclampsia. J Matern Fetal Neonatal Med. 2018 Mar 4: 1- 131.<strong><\/strong><\/li><li><strong>Tola EN<\/strong>.&nbsp;The association between in vitro fertilization outcome and the inflammatory markers of complete blood count among nonobese unexplained infertile couples. Taiwanese Journal of Obstetrics &amp; Gynecology 2018 Apr; 57 (2): 289-294.<strong><\/strong><\/li><li>Asci H, Erol O, Ellidag HY,&nbsp;<strong>Tola EN,<\/strong>&nbsp;Savran M, Ozmen O. Pathological effects of cigarettes on the reproductive system and the protective effects of alpha-lipoic acid in female rats. Toxicol Ind Health. 2018 Jun;34(6):385-395.<strong><\/strong><\/li><li><strong>Tola EN,<\/strong>&nbsp;K\u00f6ro\u011flu N, Ergin M, Oral HB, Turgut A, Erel \u00d6. The Role of Follicular Fluid Thiol\/Disulphide Homeostasis in Polycystic Ovary Syndrome. Balkan Med J. 2018 Jul 24; 35 (4): 306-310.&nbsp;<strong><\/strong><\/li><li><strong>Tola EN<\/strong>, Koroglu N, Y\u0131ld\u0131r\u0131m GY, Koca HB. The role of ADAMTS-2, collagen type-1, TIMP-3 and papilin levels of uterosacral and cardinal ligaments in the etiopathogenesis of pelvic organ prolapse among women without stress urinary incontinence. Eur J Obstet Gynecol Reprod Biol. 2018 Oct 23; 231: 158- 163.<strong><\/strong><\/li><li>Yildirim Bas F,&nbsp;<strong>Tola EN,<\/strong>&nbsp;Sak S, Cankaya BA The role of complete blood inflammation markers in the prediction of spontaneous abortion. Pak J Med Sci. 2018 Nov-Dec; 34(6): 1381- 1385.<strong><\/strong><\/li><li><strong>Tola EN,<\/strong>&nbsp;Aslan Ko\u015far P, Ulusoy Karatopuk D, Sancer O, Oral HB. The&nbsp;effect of DNA damage of cumulus oophorus cells and lymphocytes analyzed by alkaline comet assay on oocyte quality and ICSI success among patients with polycystic ovary syndrome.&nbsp;J Obstet Gynaecol Res. 2019 Mar; 45(3): 609- 618.<strong><\/strong><\/li><li><strong>Tola EN,&nbsp;<\/strong>Oral HB.&nbsp;The role of paternal obesity on the success of intra cytoplasmic sperm injection cycle in a tertiary IVF center in Turkey.&nbsp;J Pak Med Assoc. 2019; 69 (5): 640-646.<strong><\/strong><\/li><li>K\u00f6ro\u011flu N, Aydogan Mathyk B,&nbsp;<strong>Tola EN,<\/strong>&nbsp;Aslan \u00c7etin B, Y\u00fcksel Temel I, Da\u011f I, Yildirim Yetkin G. Gremlin-1 and Gremlin-2 levels in Polycystic Ovary Syndrome and their clinical correlations.&nbsp;Gynecol Endocrinol. 2019&nbsp;Jul; 35(7): 604-607.<strong><\/strong><\/li><li><strong>Tola EN,<\/strong>&nbsp;Eris Yalcin S, K\u00f6roglu N, Oral B. The association of Type D personality and depression with infertility in women.&nbsp;J Psychosom Obstet Gynaecol. 2019 Feb 20:1-8.&nbsp;<strong><\/strong><\/li><li>Bakar Z, Koroglu N, Turkgeldi L,&nbsp;<strong>Tola EN,<\/strong>&nbsp;Aslan Cetin B, Gedikbasi A. Maternal serum procalcitonin levels in prediction of chorioamnionitis in women with preterm premature rupture of membranes. Archives of Medical Science (DOI:&nbsp;<a href=\"https:\/\/doi.org\/10.5114\/aoms.2019.86191\">https:\/\/doi.org\/10.5114\/aoms.2019.86191<\/a>&nbsp;Online publish date: 2019\/07\/11.<strong><\/strong><\/li><li>Koroglu N, Temel Yuksel I, Aslan Cetin B,&nbsp;<strong>Nur Tola E,<\/strong>&nbsp;Fitnat Topbas N, Turhan, U, Yetkin Yildirim G. Increased pancreatic-derived factor (PANDER) levels in gestational diabetes mellitus. Gynecol Endocrinol. 2019 Apr 15:1-3<strong><\/strong><\/li><li><strong>Tola EN.&nbsp;<\/strong>The effect of anesthetic agents for oocyte pick-up on&nbsp;<a>in vitro fertilization<\/a>&nbsp;outcome: A retrospective study in a tertiary center. Taiwan J Obstet Gynecol. 2019 Sep; 58(5): 673-679.&nbsp;<\/li><li>Cebe FS,&nbsp;<strong>Tola EN,&nbsp;<\/strong>Ko\u015far Aslan P<strong>,&nbsp;<\/strong>Oral B.&nbsp;DNA methylation profiles of genes associated with angiogenesis in the samples of placenta in pregnancies complicated by intrauterine growth restriction. J Matern Fetal Neonatal Med. 2019 Oct 3:1-9. doi: 10.1080\/14767058.2019.1671344. [Epub ahead of print] PubMed PMID: 31581866.<\/li><li>T<strong>ola EN.<\/strong>&nbsp;First trimester spontaneous uterine rupture in a young woman with uterine anomaly. Case Rep Obstet Gynecol. 2014; 2014: 967386.<\/li><li><strong>Tola EN,<\/strong>&nbsp;Erdemoglu E, Erdemoglu E. Uterine sparing surgical methods in pelvic organ prolapse. Turk J Obstet Gynecol. 2015 Sep; 12(3): 168- 172.<\/li><li>Kose SA, Akkurt MO, Yavuz A, Eris S,&nbsp;<strong>Tola EN,<\/strong>&nbsp;Ozkaya MO, Sezik M. Conventional 22- and 20-gauge needle for second trimester amniocentesis: A comparison of short term outcomes. Turk J Obstet Gynecol. 2016 Mar; 13(1): 27- 30.&nbsp;<\/li><li><strong>Tola EN<\/strong>, Erdemoglu E, Yal\u00e7\u0131n Y, Alkaya Solmaz F, Erdemoglu E. A 27-kg mucinous cystadenoma of the ovary presenting with deep vein thrombosis. Turk J Obstet Gynecol. 2016 Mar; 13(1): 53- 55.<\/li><li>Koroglu N, Tayyar A,&nbsp;<strong>Tola EN<\/strong>, Aslan Cetin B, Okmen Ozkan B, Yalc\u0131n Bahat P, Yetkin Yildirim G, Bagci Cakmak K, Temel Yuksel I.&nbsp;<strong>Neutrophil-to-lymphocyte ratio, platelet-to-lymphocyte ratio, mean platelet volume and plateletcrit in isolated intrauterine growth restriction and prediction of being born small for gestational age.&nbsp;<\/strong>Arch Med Sci Civil Dis 2017; 2: e139\u2013e144.<\/li><li>Aydin C, Eris Yalcin S, Yalcin Y, Uysal D, Akkurt MO, Yavuz A, Sen Selim H,&nbsp;<strong>Tola EN<\/strong>. Risk factors of placenta previa: a population based study and the review of the literature. Medicine Science 2016;5(4):941-4.<\/li><li>Yetkin Yildirim G, Koroglu N, Tayyar A, Demirezen G,<strong>&nbsp;Tola EN.&nbsp;<\/strong>Preliminary Results of a Controlled Randomized Study on Double-Balloon Catheter vs. Dinoprostone Vaginal Insert for Induction of Labor With an Unfavorable Cervix.&nbsp;Turkiye Klinikleri&nbsp;J Med Sci<strong>&nbsp;<\/strong>2018 Apr; 38(1):40- 45.<\/li><\/ol>\n","protected":false},"excerpt":{"rendered":"<p>Tola EN, Mungan MT, U\u011fuz AC, Naziro\u011flu M. Intracellular Ca2+ and antioxidant values induced positive effect on fertilisation ratio and oocyte quality of granulosa cells in patients undergoing in vitro fertilisation. Reprod Fertil Dev. 2013; 25(5): 746- 752. Tola EN, Elezoglu B, Dellal FD. Simple vulval trichilemmal cyst. J Obstet Gynaecol. 2013 Apr; 33(3): 320- [&hellip;]<\/p>\n","protected":false},"author":1,"featured_media":0,"parent":54,"menu_order":2,"comment_status":"closed","ping_status":"closed","template":"","meta":{"_monsterinsights_skip_tracking":false,"_monsterinsights_sitenote_active":false,"_monsterinsights_sitenote_note":"","_monsterinsights_sitenote_category":0,"footnotes":""},"class_list":["post-121","page","type-page","status-publish","hentry"],"aioseo_notices":[],"_links":{"self":[{"href":"http:\/\/www.esranurtola.com.tr\/index.php\/wp-json\/wp\/v2\/pages\/121","targetHints":{"allow":["GET"]}}],"collection":[{"href":"http:\/\/www.esranurtola.com.tr\/index.php\/wp-json\/wp\/v2\/pages"}],"about":[{"href":"http:\/\/www.esranurtola.com.tr\/index.php\/wp-json\/wp\/v2\/types\/page"}],"author":[{"embeddable":true,"href":"http:\/\/www.esranurtola.com.tr\/index.php\/wp-json\/wp\/v2\/users\/1"}],"replies":[{"embeddable":true,"href":"http:\/\/www.esranurtola.com.tr\/index.php\/wp-json\/wp\/v2\/comments?post=121"}],"version-history":[{"count":3,"href":"http:\/\/www.esranurtola.com.tr\/index.php\/wp-json\/wp\/v2\/pages\/121\/revisions"}],"predecessor-version":[{"id":206,"href":"http:\/\/www.esranurtola.com.tr\/index.php\/wp-json\/wp\/v2\/pages\/121\/revisions\/206"}],"up":[{"embeddable":true,"href":"http:\/\/www.esranurtola.com.tr\/index.php\/wp-json\/wp\/v2\/pages\/54"}],"wp:attachment":[{"href":"http:\/\/www.esranurtola.com.tr\/index.php\/wp-json\/wp\/v2\/media?parent=121"}],"curies":[{"name":"wp","href":"https:\/\/api.w.org\/{rel}","templated":true}]}}