{"id":129,"date":"2020-09-20T14:35:24","date_gmt":"2020-09-20T14:35:24","guid":{"rendered":"http:\/\/www.esranurtola.com.tr\/?page_id=129"},"modified":"2020-09-20T18:05:18","modified_gmt":"2020-09-20T18:05:18","slug":"uluslararasi-kongre-bildirilerim","status":"publish","type":"page","link":"http:\/\/www.esranurtola.com.tr\/index.php\/kongre-bildirilerim\/uluslararasi-kongre-bildirilerim\/","title":{"rendered":"Uluslararas\u0131 Kongre Bildirilerim"},"content":{"rendered":"\n<ol class=\"wp-block-list\" type=\"1\"><li><strong>Tola EN,<\/strong>&nbsp;Eris Yalcin S, Koroglu N, Oral HB.&nbsp;Adolesan ve gen\u00e7 ya\u015f kad\u0131nlarda poliskitik over sendromu etyopatogenezinde ADAMTS-1 ve agrekan\u0131n rolu. 25<sup>th<\/sup>&nbsp;European Congress of Obstetrics and Gynecology &amp; 15<sup>th<\/sup>Congress of Turkish Society of Obstetrics and Gynecology, 17- 21 May 2017, Titanic Deluxe, Antalya, T\u00fcrkiye.<\/li><li><strong>Tola EN<\/strong><strong>, Eris Yalcin S, Koroglu Dugan N.&nbsp;<\/strong>Nonobez adolesanlarda LAP indeks ve inflamatuar belirteclerin PCOS etyopatogenezinde ve PCOS\u2019la ili\u015fkili klinik durumlar\u0131n olu\u015fmas\u0131ndaki etkisi.<strong>&nbsp;<\/strong>25<sup>th<\/sup>&nbsp;European Congress of Obstetrics and Gynecology &amp; 15<sup>th<\/sup>&nbsp;Congress of Turkish Society of Obstetrics and Gynecology, 17- 21 May 2017, Titanic Deluxe, Antalya, T\u00fcrkiye.<\/li><li><strong>Tola EN<\/strong>, Karatopuk DU, K\u00f6ro\u011flu N, Ergin M, Oral HB. Follicular ADAMTS-1 and aggrecan levels in polycystic ovary syndrome. 33<sup>th&nbsp;<\/sup>Annual Meeting of&nbsp;European Society&nbsp;of Human Reproduction and Embryology, 2- 5 July 2017, Geneva, Switzerland.<strong><u><\/u><\/strong><\/li><li><strong>Tola EN,&nbsp;<\/strong>Bilen E, Oral HB, Dogu\u00e7 DK, G\u00fcnyeli \u0130, \u0130lhan \u0130.&nbsp;Folikuler s\u0131v\u0131 gelatinaz d\u00fczeyinin oosit kalitesi ve fertilizasyona etkisi.&nbsp;19<sup>th<\/sup>&nbsp;World Congress on IVF in Conjuction with 6<sup>th<\/sup>&nbsp;Society of Reproductive Medicine and Surgery Congress, 4- 8 October 2017, Regnum Carya, Antalya, T\u00fcrkiye..<strong><u><\/u><\/strong><\/li><li><strong>Tola EN<\/strong>, Akku\u015f F.&nbsp;Oosit toplama i\u015flemi s\u0131ras\u0131nda kullan\u0131lan anestezik ajanlar\u0131n in vitro fertilizasyon sonucuna etkisi.<strong>&nbsp;<\/strong>19<sup>th<\/sup>&nbsp;World Congress on IVF in Conjuction with 6<sup>th<\/sup>&nbsp;Society of Reproductive Medicine and Surgery Congress, 4- 8 October, 2017, Regnum Carya, Antalya, T\u00fcrkiye.<strong><u><\/u><\/strong><\/li><li>Koroglu N,&nbsp;<strong>Tola EN<\/strong>, Temel Yuksel I, Aslan Cetin B, Turhan U, Topcu G, Dag I. Maternal serum AMP-activated protein kinase levels in mild and severe preeclampsia. 26<sup>th&nbsp;<\/sup>European Board &amp; College of Obstetrics and Gynaecology, 8-10 March 2018, Paris, France.<\/li><li>Cebe FS,&nbsp;<strong>Tola EN,&nbsp;<\/strong>Ko\u015far Aslan P<strong>,&nbsp;<\/strong>Oral B.&nbsp;DNA methylation profiles of genes associated with anginonesis in pregnancies complicated by intrauterine growth restriction. 14<sup>th&nbsp;<\/sup>World Congress of Perinatal Medicine, 11-14 September 2019, Istanbul, Turkey.<\/li><li><strong>Tola EN<\/strong>, \u015eent\u00fcrk R. The role of systemic and local oxidant-antioxidant status on embryo quality and intracytoplasmic sperm injection- embryo transfer success in unexplained infertile women, 20-22 September 2019, Radisson Blu, \u00c7e\u015fme, \u0130zmir, Turkey.<\/li><li>Unal S,&nbsp;<strong>Tola EN<\/strong>, Karahasano\u011flu A.&nbsp;Intracytoplasmic sperm injection cycle (ICSI) outcome in patients under 35 years old with diminished ovarian reserve plus severe male factor, 20-22 September 2019, Radisson Blu, \u00c7e\u015fme, \u0130zmir, Turkey.<\/li><li><strong>Tola EN.<\/strong>&nbsp;The role of Type D personality on in vitro fertilization outcome among women with unexplained infertility. 20th World Congress of in Vitro Fertilization, 24-26 October 2019, Barcelona, Spain.<\/li><li><strong>K\u00f6ro\u011flu N, Akca A, Bakar Z, Top\u00e7u G,&nbsp;<\/strong><strong>Tola EN,<\/strong><strong>&nbsp;Yetkin Y\u0131ld\u0131r\u0131m G, Aslan \u00c7etin B. The factors affect patient satisfaction after transobturator teyp (TOT) operation.<\/strong><strong>&nbsp;<\/strong>25. European Congress of Obstetrics and Gynecology&amp;15. Congress of Turkish Society of Obstetrics and Gynecology, May, 2017, Titanic Deluxe, Antalya, T\u00fcrkiye.<\/li><li><strong>Tola EN<\/strong>, Eris Yal\u00e7\u0131n S, Koroglu Dugan N, Oral HB. Tip D ki\u015filik yap\u0131s\u0131n\u0131n kad\u0131n fertilitesi \u00fczerine etkisi.&nbsp;19<sup>th<\/sup>world congress on IVF in conjuction with 6<sup>th<\/sup>&nbsp;Society of Reproductive Medicine and Surgery Congress, October 4- 8 2017, Regnum Carya, Antalya, T\u00fcrkiye.<\/li><li><strong>Tola EN.&nbsp;<\/strong>A\u00e7\u0131klanamayan infertilitesi olan kad\u0131nlarda<strong>&nbsp;<\/strong>tam kan say\u0131m\u0131ndaki inflamatuar parametrelerin ara\u015ft\u0131r\u0131lmas\u0131. 19<sup>th<\/sup>&nbsp;World Congress on IVF in Conjuction with 6<sup>th<\/sup>&nbsp;Society of Reproductive Medicine and Surgery Congress, October 4- 8 2017, Regnum Carya, Antalya, T\u00fcrkiye.<\/li><li>Sancer O, Aslan Kosar P, Safi Oz Z,&nbsp;<strong>Tola EN<\/strong>, Togay AV, Ciris IM. Micronucleus detection in cervical smear and comet tests in blood sample of reproductive and menopausal periods for DNA damage evaluation. 6<sup>th<\/sup>&nbsp;International Congress of Molecular Medicine, 22- 25 May 2017, Istanbul, Turkey.<\/li><\/ol>\n","protected":false},"excerpt":{"rendered":"<p>Tola EN,&nbsp;Eris Yalcin S, Koroglu N, Oral HB.&nbsp;Adolesan ve gen\u00e7 ya\u015f kad\u0131nlarda poliskitik over sendromu etyopatogenezinde ADAMTS-1 ve agrekan\u0131n rolu. 25th&nbsp;European Congress of Obstetrics and Gynecology &amp; 15thCongress of Turkish Society of Obstetrics and Gynecology, 17- 21 May 2017, Titanic Deluxe, Antalya, T\u00fcrkiye. Tola EN, Eris Yalcin S, Koroglu Dugan N.&nbsp;Nonobez adolesanlarda LAP indeks ve [&hellip;]<\/p>\n","protected":false},"author":1,"featured_media":0,"parent":125,"menu_order":2,"comment_status":"closed","ping_status":"closed","template":"","meta":{"_monsterinsights_skip_tracking":false,"_monsterinsights_sitenote_active":false,"_monsterinsights_sitenote_note":"","_monsterinsights_sitenote_category":0,"footnotes":""},"class_list":["post-129","page","type-page","status-publish","hentry"],"aioseo_notices":[],"_links":{"self":[{"href":"http:\/\/www.esranurtola.com.tr\/index.php\/wp-json\/wp\/v2\/pages\/129","targetHints":{"allow":["GET"]}}],"collection":[{"href":"http:\/\/www.esranurtola.com.tr\/index.php\/wp-json\/wp\/v2\/pages"}],"about":[{"href":"http:\/\/www.esranurtola.com.tr\/index.php\/wp-json\/wp\/v2\/types\/page"}],"author":[{"embeddable":true,"href":"http:\/\/www.esranurtola.com.tr\/index.php\/wp-json\/wp\/v2\/users\/1"}],"replies":[{"embeddable":true,"href":"http:\/\/www.esranurtola.com.tr\/index.php\/wp-json\/wp\/v2\/comments?post=129"}],"version-history":[{"count":2,"href":"http:\/\/www.esranurtola.com.tr\/index.php\/wp-json\/wp\/v2\/pages\/129\/revisions"}],"predecessor-version":[{"id":177,"href":"http:\/\/www.esranurtola.com.tr\/index.php\/wp-json\/wp\/v2\/pages\/129\/revisions\/177"}],"up":[{"embeddable":true,"href":"http:\/\/www.esranurtola.com.tr\/index.php\/wp-json\/wp\/v2\/pages\/125"}],"wp:attachment":[{"href":"http:\/\/www.esranurtola.com.tr\/index.php\/wp-json\/wp\/v2\/media?parent=129"}],"curies":[{"name":"wp","href":"https:\/\/api.w.org\/{rel}","templated":true}]}}