{"id":142,"date":"2020-09-20T14:41:56","date_gmt":"2020-09-20T14:41:56","guid":{"rendered":"http:\/\/www.esranurtola.com.tr\/?page_id=142"},"modified":"2020-12-26T08:35:10","modified_gmt":"2020-12-26T08:35:10","slug":"kisirlik","status":"publish","type":"page","link":"http:\/\/www.esranurtola.com.tr\/index.php\/kisirlik\/","title":{"rendered":"K\u0131s\u0131rl\u0131k"},"content":{"rendered":"\n<figure class=\"wp-block-gallery columns-2 is-cropped wp-block-gallery-1 is-layout-flex wp-block-gallery-is-layout-flex\"><ul class=\"blocks-gallery-grid\"><li class=\"blocks-gallery-item\"><figure><img loading=\"lazy\" decoding=\"async\" width=\"1024\" height=\"636\" src=\"https:\/\/www.esranurtola.com.tr\/wp-content\/uploads\/2020\/12\/kisirlik-1-1024x636.jpg\" alt=\"\" data-id=\"230\" data-full-url=\"https:\/\/www.esranurtola.com.tr\/wp-content\/uploads\/2020\/12\/kisirlik-1.jpg\" data-link=\"https:\/\/www.esranurtola.com.tr\/index.php\/ilgi-alanlarim\/kisirlik\/kisirlik-1\/\" class=\"wp-image-230\" srcset=\"http:\/\/www.esranurtola.com.tr\/wp-content\/uploads\/2020\/12\/kisirlik-1-1024x636.jpg 1024w, http:\/\/www.esranurtola.com.tr\/wp-content\/uploads\/2020\/12\/kisirlik-1-300x186.jpg 300w, http:\/\/www.esranurtola.com.tr\/wp-content\/uploads\/2020\/12\/kisirlik-1-768x477.jpg 768w, http:\/\/www.esranurtola.com.tr\/wp-content\/uploads\/2020\/12\/kisirlik-1.jpg 1200w\" sizes=\"auto, (max-width: 1024px) 100vw, 1024px\" \/><\/figure><\/li><li class=\"blocks-gallery-item\"><figure><img loading=\"lazy\" decoding=\"async\" width=\"275\" height=\"183\" src=\"https:\/\/www.esranurtola.com.tr\/wp-content\/uploads\/2020\/12\/kisirlik-2.jpg\" alt=\"\" data-id=\"231\" data-full-url=\"https:\/\/www.esranurtola.com.tr\/wp-content\/uploads\/2020\/12\/kisirlik-2.jpg\" data-link=\"https:\/\/www.esranurtola.com.tr\/index.php\/ilgi-alanlarim\/kisirlik\/kisirlik-2\/\" class=\"wp-image-231\"\/><\/figure><\/li><\/ul><\/figure>\n\n\n\n<p><strong>\u0130NFERT\u0130L\u0130TE&nbsp;(KISIRLIK)<\/strong><\/p>\n\n\n\n<p>K\u0131s\u0131rl\u0131k \u00e7iftlerin daha ge\u00e7 ya\u015fta evlenmesi veya \u00e7ocuk planlar\u0131n\u0131 ileri ya\u015flara ertelemesi, yenilen g\u0131dalar, maruz kan\u0131lan \u00e7evresel ajanlar vb nedenlerle toplumda s\u0131kl\u0131\u011f\u0131 giderek yayg\u0131nla\u015fan g\u00f6r\u00fclen bir problemdir. 1 y\u0131l d\u00fczenli cinsel ili\u015fkiye (haftada 2-3 kez cinsel birliktelik) ra\u011fmen gebelik olu\u015fmamas\u0131 k\u0131s\u0131rl\u0131k (infertilite) olarak tan\u0131mlan\u0131r. Belirtililen s\u00fcreler i\u00e7inde gebelik olu\u015fmazsa mutlaka infertilite uzman\u0131 taraf\u0131ndan hem kad\u0131n hem de erkek de\u011ferlendirilmelidir. 35 g\u00fcnden uzun aral\u0131klarla adet g\u00f6rmek, daha \u00f6nceden yumurtal\u0131k, t\u00fcp, rahimle ilgili enfeksiyon ge\u00e7irmek, kar\u0131na ait ameliyat \u00f6yk\u00fcs\u00fc (apendisit vb), ge\u00e7irilmi\u015f d\u0131\u015f gebelik \u00f6yk\u00fcs\u00fc, ailede erken menopoz gibi durumlarda ise bu s\u00fcreler beklenmeden hemen ara\u015ft\u0131rma yap\u0131lmal\u0131d\u0131r.<\/p>\n\n\n\n<p>Kad\u0131na ait, erke\u011fe ait veya her ikisine ait nedenlerle k\u0131s\u0131rl\u0131k g\u00f6r\u00fclebilir. D\u00f6rt infertil \u00e7iftten birinde ise k\u0131s\u0131rl\u0131\u011fa neden olan sebep bulanamaz (a\u00e7\u0131klanamayan infertilite). K\u0131s\u0131rl\u0131\u011fa yol a\u00e7an ba\u015fl\u0131ca sebepler:<\/p>\n\n\n\n<ol class=\"wp-block-list\" type=\"1\"><li>\u0130leri kad\u0131n ya\u015f\u0131 ve azalm\u0131\u015f yumurtal\u0131k rezervi<\/li><li>Yumurtlamayla ilgili problemler<\/li><li>T\u00fcplere ait nedenler&nbsp;<\/li><li>Rahime ait nedenler<\/li><li>Erkek fakt\u00f6r\u00fc<\/li><li>A\u00e7\u0131klanamayan fakt\u00f6r<\/li><\/ol>\n\n\n\n<p>K\u0131s\u0131rl\u0131k ara\u015ft\u0131rmas\u0131nda istenen temel testler \u015funlard\u0131r:<\/p>\n\n\n\n<ol class=\"wp-block-list\" type=\"1\"><li><strong><em>Semen analizi:<\/em><\/strong>&nbsp;\u0130lk yap\u0131lmas\u0131 gereken testlerden biridir. 3-5 g\u00fcnl\u00fck cinsel perhizden sonra yap\u0131lmal\u0131d\u0131r.<\/li><li><strong><em>Yumurtlama fonksiyonunun ve yumurta rezervinin de\u011ferlendirilmesi:<\/em><\/strong>&nbsp;Hem kanda bak\u0131lan testler (FSH, E2) hem de ultrason ile de\u011ferlendirme yap\u0131l\u0131r. Adetin 21. g\u00fcn\u00fc bak\u0131lan progesteron de\u011feri veya idrarda yap\u0131lan yumurtlama kitleri ile yumurtlama olup olmad\u0131\u011f\u0131 ara\u015ft\u0131r\u0131l\u0131r.<\/li><li><strong><em>Rahim filmi:<\/em><\/strong>&nbsp;Rahmin \u015fekilsel bozukluklar\u0131 ve t\u00fcplerin durumu hakk\u0131nda bilgi verir. Adetin 7-10 g\u00fcnleri aras\u0131nda yap\u0131lmal\u0131d\u0131r.<\/li><\/ol>\n\n\n\n<p>K\u0131s\u0131rl\u0131kta \u00f6zellikle kad\u0131n ya\u015f\u0131n\u0131n \u00f6nemli rol\u00fc oldu\u011fu unutulmamal\u0131d\u0131r. Dolay\u0131s\u0131yla yukar\u0131da s\u00f6z\u00fc edilen s\u00fcrelerde gebelik elde edemeyen veya risk fakt\u00f6r\u00fc olan \u00e7iftler en k\u0131sa s\u00fcrede infertilite uzman\u0131 taraf\u0131ndan k\u0131s\u0131rl\u0131k i\u00e7in ara\u015ft\u0131rmaya ve gerekli tedavileri almal\u0131d\u0131r.<\/p>\n","protected":false},"excerpt":{"rendered":"<p>\u0130NFERT\u0130L\u0130TE&nbsp;(KISIRLIK) K\u0131s\u0131rl\u0131k \u00e7iftlerin daha ge\u00e7 ya\u015fta evlenmesi veya \u00e7ocuk planlar\u0131n\u0131 ileri ya\u015flara ertelemesi, yenilen g\u0131dalar, maruz kan\u0131lan \u00e7evresel ajanlar vb nedenlerle toplumda s\u0131kl\u0131\u011f\u0131 giderek yayg\u0131nla\u015fan g\u00f6r\u00fclen bir problemdir. 1 y\u0131l d\u00fczenli cinsel ili\u015fkiye (haftada 2-3 kez cinsel birliktelik) ra\u011fmen gebelik olu\u015fmamas\u0131 k\u0131s\u0131rl\u0131k (infertilite) olarak tan\u0131mlan\u0131r. Belirtililen s\u00fcreler i\u00e7inde gebelik olu\u015fmazsa mutlaka infertilite uzman\u0131 taraf\u0131ndan hem [&hellip;]<\/p>\n","protected":false},"author":1,"featured_media":0,"parent":0,"menu_order":4,"comment_status":"closed","ping_status":"closed","template":"","meta":{"_monsterinsights_skip_tracking":false,"_monsterinsights_sitenote_active":false,"_monsterinsights_sitenote_note":"","_monsterinsights_sitenote_category":0,"footnotes":""},"class_list":["post-142","page","type-page","status-publish","hentry"],"aioseo_notices":[],"_links":{"self":[{"href":"http:\/\/www.esranurtola.com.tr\/index.php\/wp-json\/wp\/v2\/pages\/142","targetHints":{"allow":["GET"]}}],"collection":[{"href":"http:\/\/www.esranurtola.com.tr\/index.php\/wp-json\/wp\/v2\/pages"}],"about":[{"href":"http:\/\/www.esranurtola.com.tr\/index.php\/wp-json\/wp\/v2\/types\/page"}],"author":[{"embeddable":true,"href":"http:\/\/www.esranurtola.com.tr\/index.php\/wp-json\/wp\/v2\/users\/1"}],"replies":[{"embeddable":true,"href":"http:\/\/www.esranurtola.com.tr\/index.php\/wp-json\/wp\/v2\/comments?post=142"}],"version-history":[{"count":2,"href":"http:\/\/www.esranurtola.com.tr\/index.php\/wp-json\/wp\/v2\/pages\/142\/revisions"}],"predecessor-version":[{"id":232,"href":"http:\/\/www.esranurtola.com.tr\/index.php\/wp-json\/wp\/v2\/pages\/142\/revisions\/232"}],"wp:attachment":[{"href":"http:\/\/www.esranurtola.com.tr\/index.php\/wp-json\/wp\/v2\/media?parent=142"}],"curies":[{"name":"wp","href":"https:\/\/api.w.org\/{rel}","templated":true}]}}