{"id":157,"date":"2020-09-20T14:46:58","date_gmt":"2020-09-20T14:46:58","guid":{"rendered":"http:\/\/www.esranurtola.com.tr\/?page_id=157"},"modified":"2020-09-20T18:06:26","modified_gmt":"2020-09-20T18:06:26","slug":"katildigim-kurslar","status":"publish","type":"page","link":"http:\/\/www.esranurtola.com.tr\/index.php\/katildigim-kurslar\/","title":{"rendered":"Kurslar ve Sertifikasyonlar\u0131"},"content":{"rendered":"\n<ol class=\"wp-block-list\" type=\"1\"><li>Deney Hayvanlar\u0131 Kullan\u0131m Sertifikas\u0131, S\u00fcleyman Demirel \u00dcniversitesi Deney Hayvanlar\u0131 ve T\u0131p Ara\u015ft\u0131rmalar\u0131 Uygulama ve Ara\u015ft\u0131rma Merkezi, 16-23 Kas\u0131m 2013, Isparta, T\u00fcrkiye.<\/li><li>Antenatal muayene stratejileri kursu, Adnan Menderes \u00dcniversitesi T\u0131p Fak\u00fcltesi, 15 Aral\u0131k 2013, Ayd\u0131n, T\u00fcrkiye.<\/li><li>Perinatal kurslar &#8211; \u0130lk trimester: \u0130lk trimester tan\u0131 ve tedavi, Perinatal T\u0131p Vakf\u0131, 15 \u015eubat 2014, \u0130stanbul, T\u00fcrkiye.<\/li><li>Perinatal kurslar &#8211; \u0130lk trimester fetal tan\u0131 ve tedavi, Perinatal T\u0131p Vakf\u0131, 13 Temmuz 2014, \u0130stanbul, T\u00fcrkiye.<\/li><li>Perinatal kurslar &#8211; Fetal abdomen, Perinatal T\u0131p Vakf\u0131, 14 Eyl\u00fcl 2014, \u0130stanbul, T\u00fcrkiye.<\/li><li>Perinatal kurslar &#8211; Fetal kalp, Perinatal T\u0131p Vakf\u0131, 2 Aral\u0131k, 2014, \u0130stanbul, T\u00fcrkiye.<\/li><li>Ian Donald advanced ultrasound course, 11-12 April 2015, Sheraton Hotel, Adana, Turkey.<strong><u><\/u><\/strong><\/li><li>TC Sa\u011fl\u0131k Bakanl\u0131\u011f\u0131, \u00dcremeye Yard\u0131mc\u0131 Tedavi Klinik Uygulamalar\u0131 E\u011fitim Sertifikas\u0131, \u015eubat \u2013 Temmuz 2016, Memorial \u015ei\u015fli Hastanesi \u00dcyte E\u011fitim Merkezi, \u0130stanbul, T\u00fcrkiye.<strong><u><\/u><\/strong><\/li><li>Cinsel terapi e\u011fitimi kat\u0131l\u0131m sertifikas\u0131 May\u0131s 2016, \u0130stanbul, T\u00fcrkiye.<strong><u><\/u><\/strong><\/li><li>S\u00fcleyman Demirl \u00dcniversitesi T\u0131p Fak\u00fcltesi \u2018E\u011fitim Becerileri Kursu\u2019, 15-18 \u015eubat 2017, Isparta, T\u00fcrkiye<strong><u><\/u><\/strong><\/li><li>Basic diagnostic and treatment approaches in reproductive medicine for residents course.&nbsp;19<sup>th<\/sup>&nbsp;World Congress on IVF in Conjuction with 6<sup>th<\/sup>&nbsp;Society of Reproductive Medicine and Surgery Congress, 4- 8 October 2017, Regnum Carya, Antalya, Turkey.<strong><u><\/u><\/strong><\/li><li>Frontiers in Reproduction and Stem Cells, November 11-17 2018, Koc University School of Medicine, Istanbul, Turkey.<strong><u><\/u><\/strong><\/li><\/ol>\n","protected":false},"excerpt":{"rendered":"<p>Deney Hayvanlar\u0131 Kullan\u0131m Sertifikas\u0131, S\u00fcleyman Demirel \u00dcniversitesi Deney Hayvanlar\u0131 ve T\u0131p Ara\u015ft\u0131rmalar\u0131 Uygulama ve Ara\u015ft\u0131rma Merkezi, 16-23 Kas\u0131m 2013, Isparta, T\u00fcrkiye. Antenatal muayene stratejileri kursu, Adnan Menderes \u00dcniversitesi T\u0131p Fak\u00fcltesi, 15 Aral\u0131k 2013, Ayd\u0131n, T\u00fcrkiye. Perinatal kurslar &#8211; \u0130lk trimester: \u0130lk trimester tan\u0131 ve tedavi, Perinatal T\u0131p Vakf\u0131, 15 \u015eubat 2014, \u0130stanbul, T\u00fcrkiye. Perinatal kurslar [&hellip;]<\/p>\n","protected":false},"author":1,"featured_media":0,"parent":0,"menu_order":0,"comment_status":"closed","ping_status":"closed","template":"","meta":{"_monsterinsights_skip_tracking":false,"_monsterinsights_sitenote_active":false,"_monsterinsights_sitenote_note":"","_monsterinsights_sitenote_category":0,"footnotes":""},"class_list":["post-157","page","type-page","status-publish","hentry"],"aioseo_notices":[],"_links":{"self":[{"href":"http:\/\/www.esranurtola.com.tr\/index.php\/wp-json\/wp\/v2\/pages\/157","targetHints":{"allow":["GET"]}}],"collection":[{"href":"http:\/\/www.esranurtola.com.tr\/index.php\/wp-json\/wp\/v2\/pages"}],"about":[{"href":"http:\/\/www.esranurtola.com.tr\/index.php\/wp-json\/wp\/v2\/types\/page"}],"author":[{"embeddable":true,"href":"http:\/\/www.esranurtola.com.tr\/index.php\/wp-json\/wp\/v2\/users\/1"}],"replies":[{"embeddable":true,"href":"http:\/\/www.esranurtola.com.tr\/index.php\/wp-json\/wp\/v2\/comments?post=157"}],"version-history":[{"count":3,"href":"http:\/\/www.esranurtola.com.tr\/index.php\/wp-json\/wp\/v2\/pages\/157\/revisions"}],"predecessor-version":[{"id":178,"href":"http:\/\/www.esranurtola.com.tr\/index.php\/wp-json\/wp\/v2\/pages\/157\/revisions\/178"}],"wp:attachment":[{"href":"http:\/\/www.esranurtola.com.tr\/index.php\/wp-json\/wp\/v2\/media?parent=157"}],"curies":[{"name":"wp","href":"https:\/\/api.w.org\/{rel}","templated":true}]}}