{"id":162,"date":"2020-09-20T14:51:41","date_gmt":"2020-09-20T14:51:41","guid":{"rendered":"http:\/\/www.esranurtola.com.tr\/?page_id=162"},"modified":"2020-12-29T16:22:35","modified_gmt":"2020-12-29T16:22:35","slug":"cv","status":"publish","type":"page","link":"http:\/\/www.esranurtola.com.tr\/index.php\/cv\/","title":{"rendered":"Cv"},"content":{"rendered":"\n<figure class=\"wp-block-gallery columns-1 is-cropped wp-block-gallery-1 is-layout-flex wp-block-gallery-is-layout-flex\"><ul class=\"blocks-gallery-grid\"><li class=\"blocks-gallery-item\"><figure><img loading=\"lazy\" decoding=\"async\" width=\"1024\" height=\"768\" src=\"https:\/\/www.esranurtola.com.tr\/wp-content\/uploads\/2020\/09\/WhatsApp-Image-2020-09-22-at-16.09.03-1-1024x768.jpeg\" alt=\"\" data-id=\"210\" data-full-url=\"https:\/\/www.esranurtola.com.tr\/wp-content\/uploads\/2020\/09\/WhatsApp-Image-2020-09-22-at-16.09.03-1.jpeg\" data-link=\"https:\/\/www.esranurtola.com.tr\/index.php\/ana-sayfa\/whatsapp-image-2020-09-22-at-16-09-03-1\/\" class=\"wp-image-210\" srcset=\"http:\/\/www.esranurtola.com.tr\/wp-content\/uploads\/2020\/09\/WhatsApp-Image-2020-09-22-at-16.09.03-1-1024x768.jpeg 1024w, http:\/\/www.esranurtola.com.tr\/wp-content\/uploads\/2020\/09\/WhatsApp-Image-2020-09-22-at-16.09.03-1-300x225.jpeg 300w, http:\/\/www.esranurtola.com.tr\/wp-content\/uploads\/2020\/09\/WhatsApp-Image-2020-09-22-at-16.09.03-1-768x576.jpeg 768w, http:\/\/www.esranurtola.com.tr\/wp-content\/uploads\/2020\/09\/WhatsApp-Image-2020-09-22-at-16.09.03-1-1536x1152.jpeg 1536w, http:\/\/www.esranurtola.com.tr\/wp-content\/uploads\/2020\/09\/WhatsApp-Image-2020-09-22-at-16.09.03-1.jpeg 1600w\" sizes=\"auto, (max-width: 1024px) 100vw, 1024px\" \/><\/figure><\/li><\/ul><\/figure>\n\n\n\n<p>Do\u00e7. Dr. Esra Nur TOLA, ilk-orta ve lise \u00f6\u011fretimini Isparta\u2019 da ald\u0131ktan sonra 1999-2005 y\u0131llar\u0131 aras\u0131 \u0130stanbul T\u0131p Fak\u00fcltesi\u2019nde lisans ve y\u00fcksek lisans\u0131n\u0131 tamamlam\u0131\u015ft\u0131r. 2006 y\u0131l\u0131nda S\u00fcleyman Demirel \u00dcniversitesi T\u0131p Fak\u00fcltesi Kad\u0131n Hastal\u0131klar\u0131 ve Do\u011fum B\u00f6l\u00fcm\u00fcnde ba\u015flad\u0131\u011f\u0131 uzmanl\u0131k e\u011fitimini 2011 y\u0131l\u0131nda tamamlayarak Kad\u0131n Hastal\u0131klar\u0131 ve Do\u011fum alan\u0131nda operat\u00f6r doktor \u00fcnvan\u0131n\u0131 alm\u0131\u015ft\u0131r. 2011-2013 y\u0131llar\u0131 aras\u0131nda A\u011fr\u0131 Kad\u0131n Hastal\u0131klar\u0131 ve Do\u011fum hastanesinde mecburi hizmet g\u00f6revinden sonra S\u00fcleyman Demirel \u00dcniversitesi T\u0131p Fak\u00fcltesi Kad\u0131n Hastal\u0131klar\u0131 ve Do\u011fum B\u00f6l\u00fcm\u00fcnde 2013-2019 y\u0131l\u0131nda Yard\u0131mc\u0131 Do\u00e7ent olarak \u00e7al\u0131\u015fm\u0131\u015f, 2019 y\u0131l\u0131nda ayn\u0131 fak\u00fcltede do\u00e7ent \u00fcnvan\u0131n\u0131 alm\u0131\u015ft\u0131r. 2016 y\u0131l\u0131nda \u0130stanbul Memorial Hastanesi T\u00fcp Bebek \u00dcnitesinden t\u00fcp bebek sertifikas\u0131n\u0131 alm\u0131\u015ft\u0131r. 2010 y\u0131l\u0131nda\u00a0Harris Birthright Research Centre for Fetal Medicine, King\u2019s College Hospital, Londra, \u0130ngiltere de fetal ultrason konusunda observer\u00a0olarak \u00e7al\u0131\u015fmalarda bulunmu\u015ftur. Do\u00e7ent doktor Esra Nur TOLA halen Medipol \u00dcniversitesi Pendik Sa\u011fl\u0131k Uygulama Merkezinde \u00e7al\u0131\u015fmalar\u0131n\u0131 s\u00fcrd\u00fcrmektedir.<\/p>\n\n\n\n<p><strong>T\u0131p Fak\u00fcltesi:&nbsp;<\/strong>\u0130stanbul&nbsp;\u00dcniversitesi \u0130stanbul T\u0131p Fak\u00fcltesi&nbsp;(\u0130stanbul, T\u00fcrkiye)<\/p>\n\n\n\n<ul class=\"wp-block-list\"><li>T\u0131p doktoru, Temmuz 2005<\/li><\/ul>\n\n\n\n<p><strong>Kad\u0131n Do\u011fum Uzmanl\u0131k:&nbsp;<\/strong>S\u00fcleyman Demirel \u00dcniversitesi T\u0131p Fak\u00fcltesi (Isparta, T\u00fcrkiye)<\/p>\n\n\n\n<ul class=\"wp-block-list\"><li>Kad\u0131n Hastal\u0131klar\u0131 ve Do\u011fum Anabilim Dal\u0131, May\u0131s 2011<\/li><li><strong><u>Tez:<\/u><\/strong>&nbsp;\u0130n vitro fertilizasyon hastalar\u0131ndan elde edilen granuloza h\u00fccrelerindeki intrasell\u00fcler kalsiyum d\u00fczeyinin ve oksidan parametrelerin oosit kalitesine ve fertilizasyon oranlar\u0131na etkisi (<strong>Tez Dan\u0131\u015fman\u0131:&nbsp;<\/strong>Prof. Dr. M. Tamer Mungan)<\/li><\/ul>\n\n\n\n<p><strong><u>BURSLAR VE \u00d6D\u00dcLLER<\/u><\/strong><\/p>\n\n\n\n<ul class=\"wp-block-list\"><li>Ara\u015ft\u0131rmac\u0131\/Ara\u015ft\u0131rma Projesi, 2009-2011 (S\u00fcleyman Demirel \u00dcniversitesi Bilimsel Ara\u015ft\u0131rma Projesi (BAP) taraf\u0131ndan desteklendi, 10000TL)<ul><li>\u0130n vitro fertilizasyon hastalar\u0131ndan elde edilen granuloza h\u00fccrelerindeki intrasell\u00fcler kalsiyum d\u00fczeyinin ve oksidan parametrelerin oosit kalitesine ve fertilizasyon oranlar\u0131na etkisi\u2019<\/li><\/ul><\/li><li>Y\u00f6netici\/Ara\u015ft\u0131rma Projesi, 2013-2015&nbsp;(S\u00fcleyman Demirel \u00dcniversitesi Bilimsel Ara\u015ft\u0131rma Projesi (BAP) taraf\u0131ndan desteklendi, 15000 TL)<ul><li>\u2018\u2018Oksidatif stresle aktive edilen cho h\u00fccrelerinde resveratrolun h\u00fccre i\u00e7i kalsiyum sinyali ve apoptozis \u00fczerine etkilerinin ara\u015ft\u0131r\u0131lmas\u0131\u2019<\/li><\/ul><\/li><li>Y\u00f6netici\/Ara\u015ft\u0131rma Projesi, 2014-2017&nbsp;(S\u00fcleyman Demirel \u00dcniversitesi Bilimsel Ara\u015ft\u0131rma Projesi (BAP) taraf\u0131ndan desteklendi, 15000 TL)<ul><li>\u2018\u0130n vitro fertilizasyona giden hastalarin serum ve folikuler sivisinda vitamin, mikroelement, makroelement d\u00fczeylerini ve oksidatif ve antioksidan parametreleri ara\u015ft\u0131rmak\u2019<strong><u><\/u><\/strong><\/li><\/ul><\/li><li>9. T\u00fcrk Jinekoloji ve Obstetri Kongresi, S\u00f6zel Bildiri 2.\u2019lik \u00f6d\u00fcl\u00fc, 2011, Antalya, T\u00fcrkiye.<\/li><li>25. European Congress of Obstetrics and Gynecology&amp;15. Congress of Turkish Society of Obtetrics and Gynecology, S\u00f6zel Bildiri 2.\u2019lik \u00f6d\u00fcl\u00fc, 2017, Antalya, T\u00fcrkiye.<\/li><li>17. Ulusal T\u00fcrk Jinekoloji ve Obstetri Kongresi, Kad\u0131n Do\u011fumda Y\u00fckselen y\u0131ld\u0131z, 2019, Titanic Delux, Belek, Antalya, T\u00fcrkiye.<\/li><\/ul>\n\n\n\n<p><strong><u>\u00dcYELIKLER<\/u><\/strong><\/p>\n\n\n\n<ul class=\"wp-block-list\"><li>T\u00fcrk Jinekoloji ve Obstetri Derne\u011fi (TJOD) (2000\u2013halen)<strong><u><\/u><\/strong><ul><li>Isparta \u015fubesi y\u00f6netim kurulu \u00fcyesi (2013-2018)<strong><u><\/u><\/strong><\/li><\/ul><\/li><li>T\u00fcrk \u00dcreme Sa\u011fl\u0131\u011f\u0131 ve \u0130nfertilite Derne\u011fi (TSRM) (2014-halen)<strong><u><\/u><\/strong><\/li><li>European Society of Human Reproduction and Embriyology (ESHRE) (2017 \u2013 2018)<\/li><li>International Society of in Vitro Fertilization (ISIVF) (2019-halen)<strong><u><\/u><\/strong><\/li><\/ul>\n\n\n\n<p><strong><u>TEZ DANI\u015eMANLI\u011eI<\/u><\/strong><\/p>\n\n\n\n<ol class=\"wp-block-list\" type=\"1\"><li>Asistan Doktor Aysun Alpaslan \u00c7ulha<\/li><\/ol>\n\n\n\n<p>\u2018Oksidatif stresle aktive edilen cho h\u00fccrelerinde resveratrolun h\u00fccre i\u00e7i kalsiyum sinyali ve apoptozis \u00fczerine etkilerinin ara\u015ft\u0131r\u0131lmas\u0131\u2019<\/p>\n\n\n\n<ul class=\"wp-block-list\"><li>Asistan Doktor Raziye \u015eent\u00fcrk<\/li><\/ul>\n\n\n\n<p>\u2018\u0130n vitro fertilizasyona giden hastalarin serum ve folikuler s\u0131v\u0131s\u0131nda vitamin, mikroelement,<\/p>\n\n\n\n<p>makroelement d\u00fczeylerini ve oksidatif ve antioksidan parametreleri ara\u015ftirmak<\/p>\n","protected":false},"excerpt":{"rendered":"<p>Do\u00e7. Dr. Esra Nur TOLA, ilk-orta ve lise \u00f6\u011fretimini Isparta\u2019 da ald\u0131ktan sonra 1999-2005 y\u0131llar\u0131 aras\u0131 \u0130stanbul T\u0131p Fak\u00fcltesi\u2019nde lisans ve y\u00fcksek lisans\u0131n\u0131 tamamlam\u0131\u015ft\u0131r. 2006 y\u0131l\u0131nda S\u00fcleyman Demirel \u00dcniversitesi T\u0131p Fak\u00fcltesi Kad\u0131n Hastal\u0131klar\u0131 ve Do\u011fum B\u00f6l\u00fcm\u00fcnde ba\u015flad\u0131\u011f\u0131 uzmanl\u0131k e\u011fitimini 2011 y\u0131l\u0131nda tamamlayarak Kad\u0131n Hastal\u0131klar\u0131 ve Do\u011fum alan\u0131nda operat\u00f6r doktor \u00fcnvan\u0131n\u0131 alm\u0131\u015ft\u0131r. 2011-2013 y\u0131llar\u0131 aras\u0131nda A\u011fr\u0131 [&hellip;]<\/p>\n","protected":false},"author":1,"featured_media":0,"parent":0,"menu_order":0,"comment_status":"closed","ping_status":"closed","template":"","meta":{"_monsterinsights_skip_tracking":false,"_monsterinsights_sitenote_active":false,"_monsterinsights_sitenote_note":"","_monsterinsights_sitenote_category":0,"footnotes":""},"class_list":["post-162","page","type-page","status-publish","hentry"],"aioseo_notices":[],"_links":{"self":[{"href":"http:\/\/www.esranurtola.com.tr\/index.php\/wp-json\/wp\/v2\/pages\/162","targetHints":{"allow":["GET"]}}],"collection":[{"href":"http:\/\/www.esranurtola.com.tr\/index.php\/wp-json\/wp\/v2\/pages"}],"about":[{"href":"http:\/\/www.esranurtola.com.tr\/index.php\/wp-json\/wp\/v2\/types\/page"}],"author":[{"embeddable":true,"href":"http:\/\/www.esranurtola.com.tr\/index.php\/wp-json\/wp\/v2\/users\/1"}],"replies":[{"embeddable":true,"href":"http:\/\/www.esranurtola.com.tr\/index.php\/wp-json\/wp\/v2\/comments?post=162"}],"version-history":[{"count":3,"href":"http:\/\/www.esranurtola.com.tr\/index.php\/wp-json\/wp\/v2\/pages\/162\/revisions"}],"predecessor-version":[{"id":392,"href":"http:\/\/www.esranurtola.com.tr\/index.php\/wp-json\/wp\/v2\/pages\/162\/revisions\/392"}],"wp:attachment":[{"href":"http:\/\/www.esranurtola.com.tr\/index.php\/wp-json\/wp\/v2\/media?parent=162"}],"curies":[{"name":"wp","href":"https:\/\/api.w.org\/{rel}","templated":true}]}}