{"id":166,"date":"2020-09-20T14:52:58","date_gmt":"2020-09-20T14:52:58","guid":{"rendered":"http:\/\/www.esranurtola.com.tr\/?page_id=166"},"modified":"2020-09-20T18:07:23","modified_gmt":"2020-09-20T18:07:23","slug":"katildigim-kongreler","status":"publish","type":"page","link":"http:\/\/www.esranurtola.com.tr\/index.php\/katildigim-kongreler\/","title":{"rendered":"Kat\u0131ld\u0131\u011f\u0131m Kongreler"},"content":{"rendered":"\n<ol class=\"wp-block-list\" type=\"1\"><li>Uluda\u011f Jinekoloji ve Obstetri K\u0131\u015f Kongresi, 15-18 Ocak 2009, Almira Hotel, Bursa, T\u00fcrkiye.<strong><u><\/u><\/strong><\/li><li>Yan\u0131k paneli, 9 Ekim 2009,&nbsp;S\u00fcleyman Demirel \u00dcniversitesi T\u0131p Fak\u00fcltesi, Isparta, T\u00fcrkiye.<\/li><li>10. Ulusal Jinekoloji ve Obstetrik Kongresi,&nbsp;9-13 May\u0131s 2012, Maritim Pine Beach, Belek, Antalya, T\u00fcrkiye.<\/li><li>6. Ulusal \u00dcrojinekoloji Kongresi, 23-26 Kas\u0131m 2013, Harbiye Askeri M\u00fcze, \u0130stanbul, T\u00fcrkiye (Poster sunum).<strong><u><\/u><\/strong><\/li><li>T\u0131p E\u011fitimi \u00d6\u011frenci \u00c7al\u0131\u015ftay\u0131, 4- 5 Ocak 2014, S\u00fcleyman Demirel \u00dcniversitesi, Isparta, T\u00fcrkiye (Moderator).<\/li><li>2<sup>nd<\/sup>&nbsp;International Medical Students Congress, 9-11 May\u0131s 2014, Suleyman Demirel University, Isparta, Turkey (Moderator).<\/li><li>5<sup>th<\/sup>&nbsp;International Congress on cell membranes and Oxidative Stress: Focus on Calcium Signaling and TRP Channels, 9-12 September 2014,&nbsp;Suleyman Demirel University, Isparta, Turkey (Oturum ba\u015fkan\u0131).<\/li><li><a href=\"http:\/\/www.tsrm.org.tr\/pro\/konu\/kongreler\/2014\/detayy11bd.html?id=601\">6. Ulusal \u00dcreme Endokrinolojisi ve \u0130nfertilite Kongresi,<strong>&nbsp;<\/strong><\/a>6-9 Kas\u0131m 2014, Maxx Royal, Belek, Antalya, T\u00fcrkiye.<strong><u><\/u><\/strong><\/li><li>Pelvik Cerrahi \u00dcrojinekoloji Sempozyumu, 21 Aral\u0131k 2014, S\u00fcleyman Demirel \u00dcniversitesi T\u0131p Fak\u00fcltesi, Isparta, T\u00fcrkiye (Vajinal teyplerde sub\u00fcretral insizyon nasil olmal\u0131? &#8211; 1\/2 kural\u0131 &#8211;&nbsp;Konu\u015fmac\u0131).<\/li><li>Gelecek \u00dcYTE Merkezi Bilimsel Toplant\u0131s\u0131, 13 A\u011fustos 2015, Antalya, T\u00fcrkiye (Overyan hiperstimulasyon sendromu&nbsp;-Davetli konu\u015fmac\u0131).<\/li><li>T\u00fcrk \u00dcrojinekoloji ve Pelvik Rekonstruktif Cerrahi Derne\u011fi, Antalya E\u011fitim Ara\u015ft\u0131rma Hastanesi Kad\u0131n Hastal\u0131klar\u0131 ve Do\u011fum B\u00f6l\u00fcm\u00fc, Antalya \u00dcrojinekoloji \u00c7al\u0131\u015ftay\u0131 B\u00f6lgesel \u00dcrojinekoloji Toplant\u0131s\u0131, 9-10 Ocak 2016, Antalya, T\u00fcrkiye.<\/li><li>13. Uluda\u011f Jinekoloji ve Obstetrik K\u0131\u015f Kongresi, 2- 5 Mart 2017, Grand Yaz\u0131c\u0131, Uluda\u011f, Bursa, T\u00fcrkiye (S\u00f6zel sunum)<\/li><li>25<sup>th<\/sup>&nbsp;European Congress of Obstetrics and Gynecology &amp; 15<sup>th<\/sup>&nbsp;Congress of Turkish Society of Obstetrics and Gynecology, 17- 21 May 2017, Titanic Deluxe, Antalya, Turkey (S\u00f6zel sunum).<\/li><li>33<sup>th&nbsp;<\/sup>Annual Meeting of&nbsp;European Society&nbsp;of Human Reproduction and Embryology, 2- 5 July 2017, Geneva, Switzerland (S\u00f6zel sunum).<strong><u><\/u><\/strong><\/li><li>19<sup>th<\/sup>&nbsp;World Congress on IVF in Conjuction with 6<sup>th<\/sup>&nbsp;Society of Reproductive Medicine and Surgery Congress, 4-8 October 2017, Regnum Carya, Antalya, Turkey (S\u00f6zel ve poster sunum).<strong><u><\/u><\/strong><\/li><li>.Minimal \u0130nvaziv Jinekolojik Cerrahi Kongresi, 21-25 \u015eubat 2018, Wyndham Grand Levent, \u0130stanbul, T\u00fcrkiye&nbsp;(S\u00f6zel sunum).<\/li><li>7. Jinekolojik Endoskopi Sempozyum ve \u00c7al\u0131\u015ftay\u0131 &amp; 2. \u00dcreme endokrinolojisi ve infertilite akademisi,&nbsp;8-11 Mart 2018, Grand Yaz\u0131c\u0131, Uluda\u011f, Bursa, T\u00fcrkiye&nbsp;<a href=\"http:\/\/www.infertilitendoskopi.org\/\">(S\u00f6zel sunum).<\/a><\/li><li>15.<sup>.<\/sup>Ulusal \u00dcreme Sa\u011fl\u0131\u011f\u0131 ve \u0130nfertilite Kongresi,<sup>&nbsp;<\/sup>8-11 Kas\u0131m 2018, Belek, Antalya, T\u00fcrkiye (Histerosalpingogram.- Davetli Konu\u015fmac\u0131; S\u00f6zel sunum).<strong><u><\/u><\/strong><\/li><li>T\u00fcrk Jinekoloji ve Obstetri Derne\u011fi Isparta \u015eubesi Toplant\u0131s\u0131, Isparta, Ramada Hotel, Isparta, T\u00fcrkiye&nbsp;(Plasenta akkreata spektrumunda klinik y\u00f6netim \u2013 Davetli&nbsp;Konu\u015fmac\u0131).<\/li><li>\u0130stanbul Medeniyet \u00dcniversitesi 3. Kad\u0131n Hastal\u0131klar\u0131 ve Do\u011fum G\u00fcnleri, Ovulasyon \u0130nd\u00fcksiyon Kursu, 16-17 \u015eubat 2019, \u0130stanbul Medeniyet \u00dcniversitesi, \u0130stanbul, T\u00fcrkiye (Oral ovulasyon ind\u00fcksiyon ajanlar\u0131 \u2013 Davetli Konu\u015fmac\u0131).<strong><u><\/u><\/strong><\/li><li>\u0130nfertilite ve ART\u2019de tart\u0131\u015fmal\u0131 konular TSRM sempozyumu, 23-24 \u015eubat 2019, Crowne Plaza, Antalya, T\u00fcrkiye (2019\u2019da PCOS tan\u0131s\u0131 nas\u0131l konulmal\u0131? \u2013 Davetli Konu\u015fmac\u0131).<strong><u><\/u><\/strong><\/li><li>TSRM Her y\u00f6n\u00fcyle preimplantasyon genetik tan\u0131 uyuglamalar\u0131 ve Y\u00dcT\u2019de tart\u0131\u015fmal\u0131 konular sempozyumu, 23-24 Mart 2019, Zeynep Kamil Kad\u0131n ve \u00c7ocuk Hastal\u0131klar\u0131 E\u011fitim ve Ara\u015ft\u0131rma Hastanesi, \u0130stanbul, T\u00fcrkiye.<strong><u><\/u><\/strong><\/li><li>Bat\u0131 Akdeniz G\u00f6ller B\u00f6lgesi Jinekolojik Onkoloji Sempozyumu, 22-23 Haziran 2019 S\u00fcleyman Demirel \u00dcniversitesi, Isparta, T\u00fcrkiye (Oturum ba\u015fkan\u0131).<\/li><li>14<sup>th&nbsp;<\/sup>World Congress of Perinatal Medicine, 11-14 September 2019, Istanbul, Turkey (S\u00f6zel sunum).<\/li><li>5. Klinik embriyoloji derne\u011fi kongresi, 20-22 Eyl\u00fcl 2019, Radisson Blu, \u00c7e\u015fme, \u0130zmir, T\u00fcrkiye (S\u00f6zel sunum).<\/li><li>7. \u00dcreme T\u0131bb\u0131 ve Cerrahisi Derne\u011fi Kongresi, 3-6 Ekim 2019, Kaya palazzo, Belek, Antalya, T\u00fcrkiye (S\u00f6zel sunum).<\/li><li>1. Kad\u0131n Hastal\u0131klar\u0131 ve Do\u011fum G\u00fcnleri, Ovulasyon \u0130nd\u00fcksiyonu Sempozyumu, 19-20 Ekim 2019, Shimall otel, Gaziantep, T\u00fcrkiye (Oral ovulasyon induksiyon ajanlar\u0131 &#8211; Davetli konu\u015fmac\u0131; S\u00f6zel sunum).<\/li><li>20th World Congress of in Vitro Fertilization, 24-26 October 2019, Barcelona, Spain (S\u00f6zel sunum).<\/li><\/ol>\n","protected":false},"excerpt":{"rendered":"<p>Uluda\u011f Jinekoloji ve Obstetri K\u0131\u015f Kongresi, 15-18 Ocak 2009, Almira Hotel, Bursa, T\u00fcrkiye. Yan\u0131k paneli, 9 Ekim 2009,&nbsp;S\u00fcleyman Demirel \u00dcniversitesi T\u0131p Fak\u00fcltesi, Isparta, T\u00fcrkiye. 10. Ulusal Jinekoloji ve Obstetrik Kongresi,&nbsp;9-13 May\u0131s 2012, Maritim Pine Beach, Belek, Antalya, T\u00fcrkiye. 6. Ulusal \u00dcrojinekoloji Kongresi, 23-26 Kas\u0131m 2013, Harbiye Askeri M\u00fcze, \u0130stanbul, T\u00fcrkiye (Poster sunum). T\u0131p E\u011fitimi \u00d6\u011frenci [&hellip;]<\/p>\n","protected":false},"author":1,"featured_media":0,"parent":0,"menu_order":0,"comment_status":"closed","ping_status":"closed","template":"","meta":{"_monsterinsights_skip_tracking":false,"_monsterinsights_sitenote_active":false,"_monsterinsights_sitenote_note":"","_monsterinsights_sitenote_category":0,"footnotes":""},"class_list":["post-166","page","type-page","status-publish","hentry"],"aioseo_notices":[],"_links":{"self":[{"href":"http:\/\/www.esranurtola.com.tr\/index.php\/wp-json\/wp\/v2\/pages\/166","targetHints":{"allow":["GET"]}}],"collection":[{"href":"http:\/\/www.esranurtola.com.tr\/index.php\/wp-json\/wp\/v2\/pages"}],"about":[{"href":"http:\/\/www.esranurtola.com.tr\/index.php\/wp-json\/wp\/v2\/types\/page"}],"author":[{"embeddable":true,"href":"http:\/\/www.esranurtola.com.tr\/index.php\/wp-json\/wp\/v2\/users\/1"}],"replies":[{"embeddable":true,"href":"http:\/\/www.esranurtola.com.tr\/index.php\/wp-json\/wp\/v2\/comments?post=166"}],"version-history":[{"count":2,"href":"http:\/\/www.esranurtola.com.tr\/index.php\/wp-json\/wp\/v2\/pages\/166\/revisions"}],"predecessor-version":[{"id":179,"href":"http:\/\/www.esranurtola.com.tr\/index.php\/wp-json\/wp\/v2\/pages\/166\/revisions\/179"}],"wp:attachment":[{"href":"http:\/\/www.esranurtola.com.tr\/index.php\/wp-json\/wp\/v2\/media?parent=166"}],"curies":[{"name":"wp","href":"https:\/\/api.w.org\/{rel}","templated":true}]}}