{"id":48,"date":"2020-09-19T11:50:33","date_gmt":"2020-09-19T11:50:33","guid":{"rendered":"http:\/\/www.esranurtola.com.tr\/?page_id=48"},"modified":"2020-12-26T08:39:31","modified_gmt":"2020-12-26T08:39:31","slug":"kapali-ameliyat","status":"publish","type":"page","link":"http:\/\/www.esranurtola.com.tr\/index.php\/kapali-ameliyat\/","title":{"rendered":"Laparoskopi (Kapal\u0131 Ameliyat)"},"content":{"rendered":"\n<figure class=\"wp-block-gallery columns-2 is-cropped wp-block-gallery-1 is-layout-flex wp-block-gallery-is-layout-flex\"><ul class=\"blocks-gallery-grid\"><li class=\"blocks-gallery-item\"><figure><img loading=\"lazy\" decoding=\"async\" width=\"512\" height=\"284\" src=\"https:\/\/www.esranurtola.com.tr\/wp-content\/uploads\/2020\/12\/laparoskopi-2.jpg\" alt=\"\" data-id=\"240\" data-full-url=\"https:\/\/www.esranurtola.com.tr\/wp-content\/uploads\/2020\/12\/laparoskopi-2.jpg\" data-link=\"https:\/\/www.esranurtola.com.tr\/index.php\/ilgi-alanlarim\/kapali-ameliyat\/laparoskopi-2\/\" class=\"wp-image-240\" srcset=\"http:\/\/www.esranurtola.com.tr\/wp-content\/uploads\/2020\/12\/laparoskopi-2.jpg 512w, http:\/\/www.esranurtola.com.tr\/wp-content\/uploads\/2020\/12\/laparoskopi-2-300x166.jpg 300w\" sizes=\"auto, (max-width: 512px) 100vw, 512px\" \/><\/figure><\/li><li class=\"blocks-gallery-item\"><figure><img loading=\"lazy\" decoding=\"async\" width=\"335\" height=\"335\" src=\"https:\/\/www.esranurtola.com.tr\/wp-content\/uploads\/2020\/12\/laparoskopi-1.jpg\" alt=\"\" data-id=\"241\" data-full-url=\"https:\/\/www.esranurtola.com.tr\/wp-content\/uploads\/2020\/12\/laparoskopi-1.jpg\" data-link=\"https:\/\/www.esranurtola.com.tr\/index.php\/ilgi-alanlarim\/kapali-ameliyat\/laparoskopi-1\/\" class=\"wp-image-241\" srcset=\"http:\/\/www.esranurtola.com.tr\/wp-content\/uploads\/2020\/12\/laparoskopi-1.jpg 335w, http:\/\/www.esranurtola.com.tr\/wp-content\/uploads\/2020\/12\/laparoskopi-1-300x300.jpg 300w, http:\/\/www.esranurtola.com.tr\/wp-content\/uploads\/2020\/12\/laparoskopi-1-150x150.jpg 150w\" sizes=\"auto, (max-width: 335px) 100vw, 335px\" \/><\/figure><\/li><\/ul><\/figure>\n\n\n\n<p><strong>LAPAROSKOP\u0130<\/strong><\/p>\n\n\n\n<p>Kapal\u0131 ameliyat veya kans\u0131z ameliyat olarak da bilinen laparoskopi&nbsp;kar\u0131n i\u00e7ine kamera arac\u0131l\u0131\u011f\u0131yla bak\u0131lmas\u0131d\u0131r.&nbsp;Son zamanlarda giderek artan bir s\u0131kl\u0131kla hem tan\u0131 hem tedavi ama\u00e7l\u0131 uygulanmaya ba\u015flanm\u0131\u015ft\u0131r. \u0130leri teknolojik kameralar sayesinde laparoskopi ile \u00e7\u0131plak g\u00f6zle g\u00f6r\u00fclenden 20 kat daha b\u00fcy\u00fck ve ayr\u0131nt\u0131l\u0131 bir g\u00f6r\u00fcnt\u00fc elde edildi\u011finden anatomik yap\u0131lar\u0131n daha ince detaylar\u0131na kadar g\u00f6r\u00fclebilmesi m\u00fcmk\u00fcn olmaktad\u0131r. \u00d6zellikle kesi yerlerinin k\u00fc\u00e7\u00fck olmas\u0131, ameliyat sonras\u0131 a\u011fr\u0131n\u0131n daha az olmas\u0131 ve hastan\u0131n k\u0131sa zamanda normal hayat\u0131na d\u00f6nmesi ve a\u00e7\u0131k ameliyatlara g\u00f6re ameliyat sonras\u0131 yap\u0131\u015f\u0131kl\u0131k riskinin daha az olmas\u0131 ba\u015fl\u0131ca avantajlar\u0131d\u0131r.<\/p>\n\n\n\n<p>Genel anestezi alt\u0131nda g\u00f6bek alt veya \u00fcst k\u0131sm\u0131na 0.5 cm\u2019 lik bir kesi a\u00e7\u0131larak kar\u0131na sokulan bir i\u011fne ile kar\u0131n karbon dioksit gaz\u0131yla doldurulur. Bu y\u00f6ntem sayesinde kar\u0131n i\u00e7erisinde ameliyat \u00e7al\u0131\u015fmas\u0131na olanak sa\u011flayacak uygun geni\u015flikte yer kazan\u0131lm\u0131\u015f olur ve laparoskop rahatl\u0131kla ve g\u00fcvenle, organlara zarar vermeden, kar\u0131n bo\u015flu\u011funa girer. Ayn\u0131 kesiden i\u00e7inde \u0131\u015f\u0131k kayna\u011f\u0131, mercek-optik sistem ve video cihaz\u0131 i\u00e7eren ince bir teleskopla kar\u0131n i\u00e7ine girilir. Laparoskopi ile rahim, t\u00fcpler, yumurtal\u0131klar ve kar\u0131n i\u00e7 duvar\u0131 incelenir. Kar\u0131n alt k\u0131sm\u0131n\u0131n orta hat veya yan k\u0131s\u0131mlar\u0131ndan a\u00e7\u0131lan 0.5 cm\u2019 lik kesilerden di\u011fer aletler sokularak le\u011fen b\u00f6lgesindeki organlar daha detayl\u0131 g\u00f6zlemlenir. Gerekti\u011finde ayn\u0131 seansta vajinal yoldan rahme veya t\u00fcplere boyar madde enjekte edilerek, t\u00fcplerin a\u00e7\u0131k olup olmad\u0131\u011f\u0131 kontrol edilebilir.<\/p>\n\n\n\n<p>Laparoskopi sayesinde bir\u00e7ok jinekolojik probleme hem kesin tan\u0131 konulabilir hem de g\u00fcvenle tedavi edilebilir. Kad\u0131n hastal\u0131klar\u0131 ve do\u011fumda laparoskopi uygulanan baz\u0131 durumlar \u015funlard\u0131r: Endometriozis, rahim miyomlar\u0131, kal\u0131t\u0131msal rahim bozukluklar\u0131, kistler, yap\u0131\u015f\u0131kl\u0131klar, d\u0131\u015f gebelik&nbsp;tan\u0131 ve tedavisi, t\u00fcplerin a\u00e7\u0131kl\u0131\u011f\u0131n\u0131n kontrolu, a\u00e7\u0131lmas\u0131, ba\u011flanmas\u0131 vb.&nbsp;Tan\u0131sal laparoskopi bazen kad\u0131n\u0131n k\u0131s\u0131rl\u0131k nedenini anlama ama\u00e7l\u0131 da uygulanabilir. \u00c7e\u015fitli nedenlerle rahim ve yumurtal\u0131klar\u0131n al\u0131nmas\u0131 i\u015flemleri de laparoskopik yoldan yap\u0131labilir.<\/p>\n\n\n\n<p><strong><em>Laparoskopi sonras\u0131<\/em><\/strong>&nbsp;g\u00f6bek deli\u011fi ve kar\u0131n b\u00f6lgesinde hassasiyet ve morarma, kar\u0131n b\u00f6lgesinin \u015fi\u015firilmesi i\u00e7in kullan\u0131lan gaz sebepli omuzlarda ve g\u00f6\u011f\u00fcste rahats\u0131zl\u0131k hissi edilebilir. Anestezi sebepli bulant\u0131 ve ba\u015f d\u00f6nmesi ya\u015fanabilir. Genelde ameliyattan birka\u00e7 g\u00fcn sonra g\u00fcnl\u00fck i\u015f ve ev hayat\u0131na d\u00f6n\u00fc\u015f sa\u011flan\u0131r.<\/p>\n","protected":false},"excerpt":{"rendered":"<p>LAPAROSKOP\u0130 Kapal\u0131 ameliyat veya kans\u0131z ameliyat olarak da bilinen laparoskopi&nbsp;kar\u0131n i\u00e7ine kamera arac\u0131l\u0131\u011f\u0131yla bak\u0131lmas\u0131d\u0131r.&nbsp;Son zamanlarda giderek artan bir s\u0131kl\u0131kla hem tan\u0131 hem tedavi ama\u00e7l\u0131 uygulanmaya ba\u015flanm\u0131\u015ft\u0131r. \u0130leri teknolojik kameralar sayesinde laparoskopi ile \u00e7\u0131plak g\u00f6zle g\u00f6r\u00fclenden 20 kat daha b\u00fcy\u00fck ve ayr\u0131nt\u0131l\u0131 bir g\u00f6r\u00fcnt\u00fc elde edildi\u011finden anatomik yap\u0131lar\u0131n daha ince detaylar\u0131na kadar g\u00f6r\u00fclebilmesi m\u00fcmk\u00fcn olmaktad\u0131r. \u00d6zellikle [&hellip;]<\/p>\n","protected":false},"author":1,"featured_media":0,"parent":0,"menu_order":1,"comment_status":"closed","ping_status":"closed","template":"","meta":{"_monsterinsights_skip_tracking":false,"_monsterinsights_sitenote_active":false,"_monsterinsights_sitenote_note":"","_monsterinsights_sitenote_category":0,"footnotes":""},"class_list":["post-48","page","type-page","status-publish","hentry"],"aioseo_notices":[],"_links":{"self":[{"href":"http:\/\/www.esranurtola.com.tr\/index.php\/wp-json\/wp\/v2\/pages\/48","targetHints":{"allow":["GET"]}}],"collection":[{"href":"http:\/\/www.esranurtola.com.tr\/index.php\/wp-json\/wp\/v2\/pages"}],"about":[{"href":"http:\/\/www.esranurtola.com.tr\/index.php\/wp-json\/wp\/v2\/types\/page"}],"author":[{"embeddable":true,"href":"http:\/\/www.esranurtola.com.tr\/index.php\/wp-json\/wp\/v2\/users\/1"}],"replies":[{"embeddable":true,"href":"http:\/\/www.esranurtola.com.tr\/index.php\/wp-json\/wp\/v2\/comments?post=48"}],"version-history":[{"count":6,"href":"http:\/\/www.esranurtola.com.tr\/index.php\/wp-json\/wp\/v2\/pages\/48\/revisions"}],"predecessor-version":[{"id":243,"href":"http:\/\/www.esranurtola.com.tr\/index.php\/wp-json\/wp\/v2\/pages\/48\/revisions\/243"}],"wp:attachment":[{"href":"http:\/\/www.esranurtola.com.tr\/index.php\/wp-json\/wp\/v2\/media?parent=48"}],"curies":[{"name":"wp","href":"https:\/\/api.w.org\/{rel}","templated":true}]}}