{"id":51,"date":"2020-09-19T11:51:07","date_gmt":"2020-09-19T11:51:07","guid":{"rendered":"http:\/\/www.esranurtola.com.tr\/?page_id=51"},"modified":"2020-12-26T08:38:27","modified_gmt":"2020-12-26T08:38:27","slug":"histeroskopi","status":"publish","type":"page","link":"http:\/\/www.esranurtola.com.tr\/index.php\/histeroskopi\/","title":{"rendered":"Histeroskopi"},"content":{"rendered":"\n<figure class=\"wp-block-gallery columns-2 is-cropped wp-block-gallery-1 is-layout-flex wp-block-gallery-is-layout-flex\"><ul class=\"blocks-gallery-grid\"><li class=\"blocks-gallery-item\"><figure><img loading=\"lazy\" decoding=\"async\" width=\"448\" height=\"261\" src=\"https:\/\/www.esranurtola.com.tr\/wp-content\/uploads\/2020\/12\/histeroskopi-2.jpg\" alt=\"\" data-id=\"237\" data-full-url=\"https:\/\/www.esranurtola.com.tr\/wp-content\/uploads\/2020\/12\/histeroskopi-2.jpg\" data-link=\"https:\/\/www.esranurtola.com.tr\/index.php\/ilgi-alanlarim\/histeroskopi\/histeroskopi-2\/\" class=\"wp-image-237\" srcset=\"http:\/\/www.esranurtola.com.tr\/wp-content\/uploads\/2020\/12\/histeroskopi-2.jpg 448w, http:\/\/www.esranurtola.com.tr\/wp-content\/uploads\/2020\/12\/histeroskopi-2-300x175.jpg 300w\" sizes=\"auto, (max-width: 448px) 100vw, 448px\" \/><\/figure><\/li><li class=\"blocks-gallery-item\"><figure><img loading=\"lazy\" decoding=\"async\" width=\"300\" height=\"242\" src=\"https:\/\/www.esranurtola.com.tr\/wp-content\/uploads\/2020\/12\/histeroskopi-1.jpg\" alt=\"\" data-id=\"238\" data-full-url=\"https:\/\/www.esranurtola.com.tr\/wp-content\/uploads\/2020\/12\/histeroskopi-1.jpg\" data-link=\"https:\/\/www.esranurtola.com.tr\/index.php\/ilgi-alanlarim\/histeroskopi\/histeroskopi-1\/\" class=\"wp-image-238\"\/><\/figure><\/li><\/ul><\/figure>\n\n\n\n<p><strong>H\u0130STEROSKOP\u0130<\/strong><\/p>\n\n\n\n<p>Histeroskopi rahim a\u011fz\u0131ndan girilen k\u00fc\u00e7\u00fck bir kamera ile (histeroskop) rahim bo\u015flu\u011funun incelenmesidir. Histeroskopi i\u015flemi i\u00e7in v\u00fccutta herhangi bir kesi a\u00e7\u0131lmaz. Adet ile rahim i\u00e7i duvar\u0131n\u0131n d\u00f6k\u00fclmesi nedeniyle histeroskopinin adetin sonlanmas\u0131n\u0131n ard\u0131ndan yap\u0131lmas\u0131 tan\u0131y\u0131 ve yap\u0131lacak tedaviyi kolayla\u015ft\u0131r. Rahim a\u011fz\u0131ndan histeroskopi aleti sokulur. Histeroskopun ba\u011fl\u0131 oldu\u011fu aletten rahim i\u00e7ine \u00f6zel s\u0131v\u0131lar verilerek rahim i\u00e7 duvar\u0131n\u0131n birbirinden ayr\u0131lmas\u0131 ve rahim i\u00e7inin geni\u015fletilmesi sa\u011flan\u0131r. Histeroskopun ba\u011fl\u0131 oldu\u011fu alet ayn\u0131 zamanda \u0131\u015f\u0131k kayna\u011f\u0131na da ba\u011flanarak g\u00f6r\u00fc\u015f\u00fcn iyi olmas\u0131 sa\u011flan\u0131r. Tan\u0131sal ama\u00e7la veya tedavi amac\u0131yla yap\u0131labilir.<\/p>\n\n\n\n<p><strong><em>Tan\u0131sal Histeroskopi:<\/em><\/strong><\/p>\n\n\n\n<p>Tan\u0131sal histeroskopide kullan\u0131lan histeroskop daha k\u00fc\u00e7\u00fck \u00e7aptad\u0131r. \u0130\u015flem \u00e7ok a\u011fr\u0131l\u0131 olmad\u0131\u011f\u0131 i\u00e7in anestezi olmadan da yap\u0131labilir. Rahim i\u00e7 duvar\u0131na bas\u0131 yapan myomlar, polipler, rahim i\u00e7indeki perde olu\u015fumu, rahim i\u00e7i yap\u0131\u015f\u0131kl\u0131klar te\u015fhis edilebilir.&nbsp;Tan\u0131sal histeroskopide \u00e7ok az komplikasyon g\u00f6r\u00fcl\u00fcr ve hayat\u0131 tehdit edici bir sorun hemen hemen hi\u00e7bir zaman yaratmaz.<\/p>\n\n\n\n<p><strong>Cerrahi Histeroskopi<\/strong><\/p>\n\n\n\n<p>Cerrahi histeroskopi s\u0131ras\u0131nda tan\u0131sal histeroskopi s\u0131ras\u0131nda te\u015fhis edilen problemler tedavi edilebilir. Tan\u0131sal histeroskopinin daha ileri \u015fekli olan operatif histeroskopide daha kal\u0131n bir histeroskop kullan\u0131l\u0131r. Tan\u0131sal histeroskopa benzer \u015fekilde rahim a\u011fz\u0131ndan rahim i\u00e7ine girilir. Operatif histeroskopun i\u00e7inden ge\u00e7irildi\u011fi alet makas, koter gibi ek aletlerin de kullan\u0131lmas\u0131na imkan verir. B\u00f6ylece tespit edilen bozukluklar\u0131n da tedavisine olanak sa\u011flanm\u0131\u015f olur. A\u011fr\u0131l\u0131 bir i\u015flem olmas\u0131 nedeniyle genellikle genel anestezi alt\u0131nda uygulan\u0131r. Rahim i\u00e7indeki her t\u00fcrl\u00fc yap\u0131 ayr\u0131nt\u0131l\u0131 olarak g\u00f6r\u00fcnt\u00fclendikten sonra, rezektoskop ad\u0131 verilen elektrocerrahi sistemiyle herhangi bir patoloji d\u00fczeltilebilmekte veya \u00e7\u0131kart\u0131lmaktad\u0131r. Operatif histeroskopiler biraz daha deneyim gerektiren daha zor i\u015flemler oldu\u011fundan %1-2 oran\u0131nda komplikasyon meydana gelebilir.&nbsp;<\/p>\n\n\n\n<p><strong><em>Histeroskopinin kullan\u0131ld\u0131\u011f\u0131 durumlar<\/em><\/strong><\/p>\n\n\n\n<ul class=\"wp-block-list\"><li>Kad\u0131nlar\u0131n k\u0131s\u0131rl\u0131\u011f\u0131<\/li><li>Tekrarlayan d\u00fc\u015f\u00fckler<\/li><li>Anormal kanaman\u0131n de\u011ferlendirmesi ve rahim duvar (endometrial) \u00f6rnekleme al\u0131nmas\u0131<\/li><li>Myom \u00e7\u0131kart\u0131lmas\u0131 (Submuk\u00f6z)<\/li><li>Polip varsa \u00e7\u0131kar\u0131lmas\u0131<\/li><li>Do\u011fu\u015ftan olan rahim anomalileri (rahim perdesi) tan\u0131 ve tedavisi<\/li><li>Rahim i\u00e7i yap\u0131\u015f\u0131kl\u0131klar\u0131n a\u00e7\u0131lmas\u0131<\/li><li>A\u015f\u0131r\u0131 kanamas\u0131 olan ve art\u0131k \u00e7ocuk sahibi olmay\u0131 d\u00fc\u015f\u00fcnmeyen hastalarda rahmin i\u00e7 y\u00fczeyi kald\u0131r\u0131larak kanama tedavisi (endometrial ablasyon)<\/li><\/ul>\n\n\n\n<p><strong><em>Histeroskopi sonras\u0131<\/em><\/strong><strong>&nbsp;<\/strong>vajinal ak\u0131nt\u0131, hafif kanama ve kramp normaldir. Genelde i\u015flemden birka\u00e7 g\u00fcn sonra g\u00fcnl\u00fck i\u015f ve ev hayat\u0131na d\u00f6n\u00fclebilir.<\/p>\n","protected":false},"excerpt":{"rendered":"<p>H\u0130STEROSKOP\u0130 Histeroskopi rahim a\u011fz\u0131ndan girilen k\u00fc\u00e7\u00fck bir kamera ile (histeroskop) rahim bo\u015flu\u011funun incelenmesidir. Histeroskopi i\u015flemi i\u00e7in v\u00fccutta herhangi bir kesi a\u00e7\u0131lmaz. Adet ile rahim i\u00e7i duvar\u0131n\u0131n d\u00f6k\u00fclmesi nedeniyle histeroskopinin adetin sonlanmas\u0131n\u0131n ard\u0131ndan yap\u0131lmas\u0131 tan\u0131y\u0131 ve yap\u0131lacak tedaviyi kolayla\u015ft\u0131r. Rahim a\u011fz\u0131ndan histeroskopi aleti sokulur. Histeroskopun ba\u011fl\u0131 oldu\u011fu aletten rahim i\u00e7ine \u00f6zel s\u0131v\u0131lar verilerek rahim i\u00e7 duvar\u0131n\u0131n [&hellip;]<\/p>\n","protected":false},"author":1,"featured_media":0,"parent":0,"menu_order":3,"comment_status":"closed","ping_status":"closed","template":"","meta":{"_monsterinsights_skip_tracking":false,"_monsterinsights_sitenote_active":false,"_monsterinsights_sitenote_note":"","_monsterinsights_sitenote_category":0,"footnotes":""},"class_list":["post-51","page","type-page","status-publish","hentry"],"aioseo_notices":[],"_links":{"self":[{"href":"http:\/\/www.esranurtola.com.tr\/index.php\/wp-json\/wp\/v2\/pages\/51","targetHints":{"allow":["GET"]}}],"collection":[{"href":"http:\/\/www.esranurtola.com.tr\/index.php\/wp-json\/wp\/v2\/pages"}],"about":[{"href":"http:\/\/www.esranurtola.com.tr\/index.php\/wp-json\/wp\/v2\/types\/page"}],"author":[{"embeddable":true,"href":"http:\/\/www.esranurtola.com.tr\/index.php\/wp-json\/wp\/v2\/users\/1"}],"replies":[{"embeddable":true,"href":"http:\/\/www.esranurtola.com.tr\/index.php\/wp-json\/wp\/v2\/comments?post=51"}],"version-history":[{"count":2,"href":"http:\/\/www.esranurtola.com.tr\/index.php\/wp-json\/wp\/v2\/pages\/51\/revisions"}],"predecessor-version":[{"id":239,"href":"http:\/\/www.esranurtola.com.tr\/index.php\/wp-json\/wp\/v2\/pages\/51\/revisions\/239"}],"wp:attachment":[{"href":"http:\/\/www.esranurtola.com.tr\/index.php\/wp-json\/wp\/v2\/media?parent=51"}],"curies":[{"name":"wp","href":"https:\/\/api.w.org\/{rel}","templated":true}]}}